{"id":348,"date":"2023-12-17T11:44:57","date_gmt":"2023-12-17T11:44:57","guid":{"rendered":"https:\/\/czgtartoszerkezet.hu\/?page_id=348"},"modified":"2023-12-27T22:36:25","modified_gmt":"2023-12-27T22:36:25","slug":"referenciak","status":"publish","type":"page","link":"https:\/\/czgtartoszerkezet.hu\/en\/referenciak\/","title":{"rendered":"References"},"content":{"rendered":"<p>[et_pb_section fb_built=&#8221;1&#8243; admin_label=&#8221;Header&#8221; _builder_version=&#8221;4.23.1&#8243; _module_preset=&#8221;default&#8221; use_background_color_gradient=&#8221;on&#8221; background_color_gradient_stops=&#8221;#2e363c 0%|rgba(46,54,60,0.45) 100%&#8221; background_color_gradient_overlays_image=&#8221;on&#8221; background_color_gradient_start=&#8221;#2e363c&#8221; background_color_gradient_end=&#8221;rgba(46,54,60,0.85)&#8221; background_image=&#8221;https:\/\/czgtartoszerkezet.hu\/wp-content\/uploads\/2023\/12\/Fot-8.jpg&#8221; custom_padding=&#8221;0px||||false|false&#8221; hover_enabled=&#8221;0&#8243; collapsed=&#8221;on&#8221; global_colors_info=&#8221;{}&#8221; sticky_enabled=&#8221;0&#8243;][et_pb_row column_structure=&#8221;2_3,1_3&#8243; _builder_version=&#8221;4.19.2&#8243; _module_preset=&#8221;default&#8221; custom_padding=&#8221;0px||0px||true|false&#8221; global_colors_info=&#8221;{}&#8221;][et_pb_column type=&#8221;2_3&#8243; _builder_version=&#8221;4.19.2&#8243; _module_preset=&#8221;default&#8221; custom_padding=&#8221;8vw||||false|false&#8221; custom_padding_tablet=&#8221;||||false|false&#8221; custom_padding_last_edited=&#8221;off|tablet&#8221; global_colors_info=&#8221;{}&#8221;][et_pb_text _builder_version=&#8221;4.16&#8243; _module_preset=&#8221;c16985e1-e0d6-4022-964d-e2bfc04fa633&#8243; header_font=&#8221;|700|||||||&#8221; header_text_color=&#8221;#FFFFFF&#8221; header_font_size=&#8221;60px&#8221; header_line_height=&#8221;1.4em&#8221; custom_margin=&#8221;||10px||false|false&#8221; custom_padding_tablet=&#8221;&#8221; custom_padding_phone=&#8221;30px||30px||true|false&#8221; custom_padding_last_edited=&#8221;on|phone&#8221; header_font_size_tablet=&#8221;40px&#8221; header_font_size_phone=&#8221;24px&#8221; header_font_size_last_edited=&#8221;on|desktop&#8221; global_colors_info=&#8221;{}&#8221;]<\/p>\n<h1><span>References<\/span><\/h1>\n<p>[\/et_pb_text][et_pb_text ul_type=&#8221;square&#8221; ul_item_indent=&#8221;60px&#8221; ul_item_indent_tablet=&#8221;60px&#8221; ul_item_indent_phone=&#8221;35px&#8221; ul_item_indent_last_edited=&#8221;on|desktop&#8221; _builder_version=&#8221;4.16&#8243; _module_preset=&#8221;518880c8-46c7-4ffa-b5a6-93ffa99dcc17&#8243; text_font=&#8221;||||||||&#8221; text_text_color=&#8221;#FFFFFF&#8221; text_font_size=&#8221;18px&#8221; text_letter_spacing=&#8221;2px&#8221; text_line_height=&#8221;1.8em&#8221; ul_font=&#8221;||||||||&#8221; ul_font_size=&#8221;20px&#8221; ul_letter_spacing=&#8221;2px&#8221; ul_line_height=&#8221;2.2em&#8221; header_3_font=&#8221;Libre Baskerville|700|||||||&#8221; header_3_font_size=&#8221;24px&#8221; header_3_line_height=&#8221;1.4em&#8221; custom_margin_tablet=&#8221;&#8221; custom_margin_phone=&#8221;&#8221; custom_margin_last_edited=&#8221;on|phone&#8221; custom_padding=&#8221;||||false|false&#8221; text_font_size_tablet=&#8221;16px&#8221; text_font_size_phone=&#8221;14px&#8221; text_font_size_last_edited=&#8221;on|phone&#8221; ul_font_size_tablet=&#8221;20px&#8221; ul_font_size_phone=&#8221;16px&#8221; ul_font_size_last_edited=&#8221;on|phone&#8221; header_3_font_size_tablet=&#8221;20px&#8221; header_3_font_size_phone=&#8221;16px&#8221; header_3_font_size_last_edited=&#8221;on|desktop&#8221; global_colors_info=&#8221;{}&#8221;]<\/p>\n<p><span>Over the past 7 years, we have collaborated in more than 200 projects, of which we would like to present a few examples:<\/span><\/p>\n<p>[\/et_pb_text][\/et_pb_column][et_pb_column type=&#8221;1_3&#8243; _builder_version=&#8221;4.19.2&#8243; _module_preset=&#8221;default&#8221; global_colors_info=&#8221;{}&#8221;][et_pb_image src=&#8221;https:\/\/czgtartoszerkezet.hu\/wp-content\/uploads\/2023\/12\/civil-engineering-29.png&#8221; title_text=&#8221;civil-engineering-29&#8243; align=&#8221;right&#8221; disabled_on=&#8221;on|on|off&#8221; _builder_version=&#8221;4.16&#8243; _module_preset=&#8221;default&#8221; width=&#8221;70%&#8221; width_tablet=&#8221;100%&#8221; width_phone=&#8221;100%&#8221; width_last_edited=&#8221;on|tablet&#8221; max_height_tablet=&#8221;100px&#8221; max_height_phone=&#8221;100px&#8221; max_height_last_edited=&#8221;on|tablet&#8221; custom_margin=&#8221;|||50%|false|false&#8221; custom_margin_tablet=&#8221;|||0%|false|false&#8221; custom_margin_phone=&#8221;|||0%|false|false&#8221; custom_margin_last_edited=&#8221;on|tablet&#8221; global_colors_info=&#8221;{}&#8221;][\/et_pb_image][\/et_pb_column][\/et_pb_row][et_pb_row column_structure=&#8221;2_3,1_3&#8243; disabled_on=&#8221;on|on|off&#8221; _builder_version=&#8221;4.16&#8243; _module_preset=&#8221;default&#8221; global_colors_info=&#8221;{}&#8221;][et_pb_column type=&#8221;2_3&#8243; _builder_version=&#8221;4.19.2&#8243; _module_preset=&#8221;default&#8221; global_colors_info=&#8221;{}&#8221;][\/et_pb_column][et_pb_column type=&#8221;1_3&#8243; _builder_version=&#8221;4.19.2&#8243; _module_preset=&#8221;default&#8221; global_colors_info=&#8221;{}&#8221;][et_pb_image src=&#8221;https:\/\/czgtartoszerkezet.hu\/wp-content\/uploads\/2023\/12\/civil-engineering-4.png&#8221; title_text=&#8221;civil-engineering-4&#8243; _builder_version=&#8221;4.19.2&#8243; _module_preset=&#8221;default&#8221; width=&#8221;20%&#8221; global_colors_info=&#8221;{}&#8221;][\/et_pb_image][\/et_pb_column][\/et_pb_row][\/et_pb_section][et_pb_section fb_built=&#8221;1&#8243; admin_label=&#8221;Project&#8221; _builder_version=&#8221;4.16&#8243; _module_preset=&#8221;default&#8221; custom_padding=&#8221;||||false|false&#8221; collapsed=&#8221;on&#8221; global_colors_info=&#8221;{}&#8221;][et_pb_row column_structure=&#8221;1_2,1_2&#8243; _builder_version=&#8221;4.19.2&#8243; _module_preset=&#8221;default&#8221; global_colors_info=&#8221;{}&#8221;][et_pb_column type=&#8221;1_2&#8243; _builder_version=&#8221;4.19.2&#8243; _module_preset=&#8221;default&#8221; custom_padding_tablet=&#8221;||30px||false|false&#8221; custom_padding_phone=&#8221;||30px||false|false&#8221; custom_padding_last_edited=&#8221;on|tablet&#8221; global_colors_info=&#8221;{}&#8221;][et_pb_gallery gallery_ids=&#8221;134,135,136,137,138,139,140,141,132&#8243; fullwidth=&#8221;on&#8221; module_id=&#8221;imgcover&#8221; _builder_version=&#8221;4.16&#8243; _module_preset=&#8221;default&#8221; global_colors_info=&#8221;{}&#8221;][\/et_pb_gallery][et_pb_gallery gallery_ids=&#8221;421,422,423,424,425,426,427,428,429&#8243; fullwidth=&#8221;on&#8221; _builder_version=&#8221;4.23.1&#8243; _module_preset=&#8221;default&#8221; global_colors_info=&#8221;{}&#8221;][\/et_pb_gallery][et_pb_text _builder_version=&#8221;4.16&#8243; _module_preset=&#8221;aaa7c440-590a-4078-ae0c-0f3c699ac51c&#8221; header_font=&#8221;||||||||&#8221; header_3_font=&#8221;Libre Baskerville|700|||||||&#8221; header_3_font_size=&#8221;24px&#8221; header_3_line_height=&#8221;1.4em&#8221; custom_margin=&#8221;||0px||false|false&#8221; header_3_font_size_tablet=&#8221;20px&#8221; header_3_font_size_phone=&#8221;16px&#8221; header_3_font_size_last_edited=&#8221;on|desktop&#8221; global_colors_info=&#8221;{}&#8221;]<\/p>\n<h3>Industrial hall + office building; (F\u00f3t)<\/h3>\n<p>[\/et_pb_text][et_pb_text _builder_version=&#8221;4.16&#8243; _module_preset=&#8221;1f09816e-184e-4ce5-a4cf-b39c52c423ca&#8221; text_font_size=&#8221;16px&#8221; text_line_height=&#8221;1.8em&#8221; header_3_font=&#8221;Libre Baskerville|700|||||||&#8221; header_3_font_size=&#8221;24px&#8221; header_3_line_height=&#8221;1.4em&#8221; text_font_size_tablet=&#8221;15px&#8221; text_font_size_phone=&#8221;14px&#8221; text_font_size_last_edited=&#8221;on|phone&#8221; header_font_size_tablet=&#8221;55px&#8221; header_font_size_last_edited=&#8221;off|desktop&#8221; header_3_font_size_tablet=&#8221;20px&#8221; header_3_font_size_phone=&#8221;16px&#8221; header_3_font_size_last_edited=&#8221;on|desktop&#8221; global_colors_info=&#8221;{}&#8221;]<\/p>\n<p><span style=\"font-family: Arial, serif;\">Architect designer: PlapPro \u00c9p\u00edt\u00e9sziroda Kft. <\/span><\/p>\n<p>[\/et_pb_text][\/et_pb_column][et_pb_column type=&#8221;1_2&#8243; _builder_version=&#8221;4.19.2&#8243; _module_preset=&#8221;default&#8221; global_colors_info=&#8221;{}&#8221;][et_pb_gallery gallery_ids=&#8221;360,361,362,363,364,365,366&#8243; fullwidth=&#8221;on&#8221; _builder_version=&#8221;4.16&#8243; _module_preset=&#8221;default&#8221; global_colors_info=&#8221;{}&#8221;][\/et_pb_gallery][et_pb_gallery gallery_ids=&#8221;437,438,439,440,441,442,436&#8243; fullwidth=&#8221;on&#8221; _builder_version=&#8221;4.23.1&#8243; _module_preset=&#8221;default&#8221; global_colors_info=&#8221;{}&#8221;][\/et_pb_gallery][et_pb_text _builder_version=&#8221;4.23.1&#8243; _module_preset=&#8221;aaa7c440-590a-4078-ae0c-0f3c699ac51c&#8221; header_font=&#8221;||||||||&#8221; header_3_font=&#8221;Libre Baskerville|700|||||||&#8221; header_3_font_size=&#8221;24px&#8221; header_3_line_height=&#8221;1.4em&#8221; custom_margin=&#8221;||0px||false|false&#8221; header_3_font_size_tablet=&#8221;20px&#8221; header_3_font_size_phone=&#8221;16px&#8221; header_3_font_size_last_edited=&#8221;on|desktop&#8221; global_colors_info=&#8221;{}&#8221;]<\/p>\n<h3>Condominium, Budapest, XII. ker\u00fclet<\/h3>\n<p>[\/et_pb_text][et_pb_text _builder_version=&#8221;4.23.1&#8243; _module_preset=&#8221;1f09816e-184e-4ce5-a4cf-b39c52c423ca&#8221; text_font_size=&#8221;16px&#8221; text_line_height=&#8221;1.8em&#8221; header_3_font=&#8221;Libre Baskerville|700|||||||&#8221; header_3_font_size=&#8221;24px&#8221; header_3_line_height=&#8221;1.4em&#8221; text_font_size_tablet=&#8221;15px&#8221; text_font_size_phone=&#8221;14px&#8221; text_font_size_last_edited=&#8221;on|phone&#8221; header_font_size_tablet=&#8221;55px&#8221; header_font_size_last_edited=&#8221;off|desktop&#8221; header_3_font_size_tablet=&#8221;20px&#8221; header_3_font_size_phone=&#8221;16px&#8221; header_3_font_size_last_edited=&#8221;on|desktop&#8221; global_colors_info=&#8221;{}&#8221;]<\/p>\n<p>Architect designer: R\u00e9p\u00e1s Ferenc (DLA)<\/p>\n<p>[\/et_pb_text][\/et_pb_column][\/et_pb_row][et_pb_row column_structure=&#8221;1_2,1_2&#8243; _builder_version=&#8221;4.19.2&#8243; _module_preset=&#8221;default&#8221; global_colors_info=&#8221;{}&#8221;][et_pb_column type=&#8221;1_2&#8243; _builder_version=&#8221;4.19.2&#8243; _module_preset=&#8221;default&#8221; custom_padding_tablet=&#8221;||30px||false|false&#8221; custom_padding_phone=&#8221;||30px||false|false&#8221; custom_padding_last_edited=&#8221;on|tablet&#8221; global_colors_info=&#8221;{}&#8221;][et_pb_gallery gallery_ids=&#8221;153,143,155,146,152,151,154,145,150&#8243; fullwidth=&#8221;on&#8221; _builder_version=&#8221;4.16&#8243; _module_preset=&#8221;default&#8221; global_colors_info=&#8221;{}&#8221;][\/et_pb_gallery][et_pb_gallery gallery_ids=&#8221;412,415,417,418,419,420,413,414&#8243; fullwidth=&#8221;on&#8221; _builder_version=&#8221;4.23.1&#8243; _module_preset=&#8221;default&#8221; global_colors_info=&#8221;{}&#8221;][\/et_pb_gallery][et_pb_text _builder_version=&#8221;4.16&#8243; _module_preset=&#8221;aaa7c440-590a-4078-ae0c-0f3c699ac51c&#8221; header_font=&#8221;||||||||&#8221; header_3_font=&#8221;Libre Baskerville|700|||||||&#8221; header_3_font_size=&#8221;24px&#8221; header_3_line_height=&#8221;1.4em&#8221; custom_margin=&#8221;||0px||false|false&#8221; header_3_font_size_tablet=&#8221;20px&#8221; header_3_font_size_phone=&#8221;16px&#8221; header_3_font_size_last_edited=&#8221;on|desktop&#8221; global_colors_info=&#8221;{}&#8221;]<\/p>\n<h3>Expansion of public building-complex - ; (Tapolca)<\/h3>\n<p>[\/et_pb_text][et_pb_text _builder_version=&#8221;4.16&#8243; _module_preset=&#8221;1f09816e-184e-4ce5-a4cf-b39c52c423ca&#8221; text_font_size=&#8221;16px&#8221; text_line_height=&#8221;1.8em&#8221; header_3_font=&#8221;Libre Baskerville|700|||||||&#8221; header_3_font_size=&#8221;24px&#8221; header_3_line_height=&#8221;1.4em&#8221; text_font_size_tablet=&#8221;15px&#8221; text_font_size_phone=&#8221;14px&#8221; text_font_size_last_edited=&#8221;on|phone&#8221; header_font_size_tablet=&#8221;55px&#8221; header_font_size_last_edited=&#8221;off|desktop&#8221; header_3_font_size_tablet=&#8221;20px&#8221; header_3_font_size_phone=&#8221;16px&#8221; header_3_font_size_last_edited=&#8221;on|desktop&#8221; global_colors_info=&#8221;{}&#8221;]<\/p>\n<p><span style=\"font-family: Arial, serif;\">Architect designer: OKKA \u00c9p\u00edt\u00e9sziroda Kft.<\/span><\/p>\n<p><span style=\"font-family: Arial, serif;\">General structural design: Obermayer M\u00e9rn\u00f6kiroda Kft. <\/span><\/p>\n<p>[\/et_pb_text][\/et_pb_column][et_pb_column type=&#8221;1_2&#8243; _builder_version=&#8221;4.19.2&#8243; _module_preset=&#8221;default&#8221; global_colors_info=&#8221;{}&#8221;][et_pb_gallery gallery_ids=&#8221;170,167,169,168,171,172&#8243; fullwidth=&#8221;on&#8221; module_id=&#8221;imgcover&#8221; _builder_version=&#8221;4.23.1&#8243; _module_preset=&#8221;default&#8221; global_colors_info=&#8221;{}&#8221;][\/et_pb_gallery][et_pb_gallery gallery_ids=&#8221;443,444,445,446,447,448&#8243; fullwidth=&#8221;on&#8221; _builder_version=&#8221;4.23.1&#8243; _module_preset=&#8221;default&#8221; global_colors_info=&#8221;{}&#8221;][\/et_pb_gallery][et_pb_text _builder_version=&#8221;4.23.1&#8243; _module_preset=&#8221;aaa7c440-590a-4078-ae0c-0f3c699ac51c&#8221; header_font=&#8221;||||||||&#8221; header_3_font=&#8221;Libre Baskerville|700|||||||&#8221; header_3_font_size=&#8221;24px&#8221; header_3_line_height=&#8221;1.4em&#8221; custom_margin=&#8221;||0px||false|false&#8221; header_3_font_size_tablet=&#8221;20px&#8221; header_3_font_size_phone=&#8221;16px&#8221; header_3_font_size_last_edited=&#8221;on|desktop&#8221; global_colors_info=&#8221;{}&#8221;]<\/p>\n<h3><span>Department store; (Monor)<\/span><\/h3>\n<p>[\/et_pb_text][et_pb_text _builder_version=&#8221;4.23.1&#8243; _module_preset=&#8221;1f09816e-184e-4ce5-a4cf-b39c52c423ca&#8221; text_font_size=&#8221;16px&#8221; text_line_height=&#8221;1.8em&#8221; header_3_font=&#8221;Libre Baskerville|700|||||||&#8221; header_3_font_size=&#8221;24px&#8221; header_3_line_height=&#8221;1.4em&#8221; text_font_size_tablet=&#8221;15px&#8221; text_font_size_phone=&#8221;14px&#8221; text_font_size_last_edited=&#8221;on|phone&#8221; header_font_size_tablet=&#8221;55px&#8221; header_font_size_last_edited=&#8221;off|desktop&#8221; header_3_font_size_tablet=&#8221;20px&#8221; header_3_font_size_phone=&#8221;16px&#8221; header_3_font_size_last_edited=&#8221;on|desktop&#8221; global_colors_info=&#8221;{}&#8221;]<\/p>\n<p>Architect designer: Papp Roland Viktor<\/p>\n<p>[\/et_pb_text][\/et_pb_column][\/et_pb_row][et_pb_row column_structure=&#8221;1_2,1_2&#8243; _builder_version=&#8221;4.19.2&#8243; _module_preset=&#8221;default&#8221; global_colors_info=&#8221;{}&#8221;][et_pb_column type=&#8221;1_2&#8243; _builder_version=&#8221;4.19.2&#8243; _module_preset=&#8221;default&#8221; custom_padding_tablet=&#8221;||30px||false|false&#8221; custom_padding_phone=&#8221;||30px||false|false&#8221; custom_padding_last_edited=&#8221;on|tablet&#8221; global_colors_info=&#8221;{}&#8221;][et_pb_gallery gallery_ids=&#8221;93,184,186,185,394,395&#8243; fullwidth=&#8221;on&#8221; _builder_version=&#8221;4.23.1&#8243; _module_preset=&#8221;default&#8221; global_colors_info=&#8221;{}&#8221;][\/et_pb_gallery][et_pb_gallery gallery_ids=&#8221;434,430,431,432,433,435&#8243; fullwidth=&#8221;on&#8221; _builder_version=&#8221;4.23.1&#8243; _module_preset=&#8221;default&#8221; global_colors_info=&#8221;{}&#8221;][\/et_pb_gallery][et_pb_text _builder_version=&#8221;4.23.1&#8243; _module_preset=&#8221;aaa7c440-590a-4078-ae0c-0f3c699ac51c&#8221; header_font=&#8221;||||||||&#8221; header_3_font=&#8221;Libre Baskerville|700|||||||&#8221; header_3_font_size=&#8221;24px&#8221; header_3_line_height=&#8221;1.4em&#8221; custom_margin=&#8221;||0px||false|false&#8221; header_3_font_size_tablet=&#8221;20px&#8221; header_3_font_size_phone=&#8221;16px&#8221; header_3_font_size_last_edited=&#8221;on|desktop&#8221; global_colors_info=&#8221;{}&#8221;]<\/p>\n<h3>Weekend house, Balatonalm\u00e1di<\/h3>\n<p>[\/et_pb_text][et_pb_text _builder_version=&#8221;4.23.1&#8243; _module_preset=&#8221;1f09816e-184e-4ce5-a4cf-b39c52c423ca&#8221; text_font_size=&#8221;16px&#8221; text_line_height=&#8221;1.8em&#8221; header_3_font=&#8221;Libre Baskerville|700|||||||&#8221; header_3_font_size=&#8221;24px&#8221; header_3_line_height=&#8221;1.4em&#8221; text_font_size_tablet=&#8221;15px&#8221; text_font_size_phone=&#8221;14px&#8221; text_font_size_last_edited=&#8221;on|phone&#8221; header_font_size_tablet=&#8221;55px&#8221; header_font_size_last_edited=&#8221;off|desktop&#8221; header_3_font_size_tablet=&#8221;20px&#8221; header_3_font_size_phone=&#8221;16px&#8221; header_3_font_size_last_edited=&#8221;on|desktop&#8221; global_colors_info=&#8221;{}&#8221;]<\/p>\n<p><span style=\"font-family: Arial, serif;\">Architect designer: R\u00e9p\u00e1s Ferenc (DLA)<\/span><\/p>\n<p>[\/et_pb_text][\/et_pb_column][et_pb_column type=&#8221;1_2&#8243; _builder_version=&#8221;4.19.2&#8243; _module_preset=&#8221;default&#8221; global_colors_info=&#8221;{}&#8221;][\/et_pb_column][\/et_pb_row][\/et_pb_section]<\/p>","protected":false},"excerpt":{"rendered":"<p>Referenci\u00e1kAz elm\u00falt 7 \u00e9v sor\u00e1n t\u00f6bb mint 200 projektben m\u0171k\u00f6dt\u00fcnk k\u00f6zre, melyekb\u0151l n\u00e9h\u00e1ny p\u00e9ld\u00e1t k\u00edv\u00e1ntunk bemutatni:Ipari csarnok \u00e9s iroda\u00e9p\u00fclet; (F\u00f3t)\u00c9p\u00edt\u00e9sz tervez\u0151: PlapPro \u00c9p\u00edt\u00e9sziroda Kft. T\u00e1rsash\u00e1z, Budapest, XII. ker\u00fclet\u00c9p\u00edt\u00e9sz tervez\u0151: R\u00e9p\u00e1s Ferenc (DLA)K\u00f6z\u00e9p\u00fclet-komplexum b\u0151v\u00edt\u00e9se; (Tapolca)\u00c9p\u00edt\u00e9sz tervez\u0151: OKKA \u00c9p\u00edt\u00e9sziroda Kft. Gener\u00e1l statikus: Obermayer M\u00e9rn\u00f6kiroda Kft. \u00dczleth\u00e1z; (Monor)\u00c9p\u00edt\u00e9sz tervez\u0151: Papp Roland Viktor\u00dcd\u00fcl\u0151, Balatonalm\u00e1di\u00c9p\u00edt\u00e9sz tervez\u0151: R\u00e9p\u00e1s Ferenc (DLA)<\/p>","protected":false},"author":1,"featured_media":0,"parent":0,"menu_order":0,"comment_status":"closed","ping_status":"closed","template":"","meta":{"_et_pb_use_builder":"on","_et_pb_old_content":"","_et_gb_content_width":"","footnotes":""},"class_list":["post-348","page","type-page","status-publish","hentry"],"yoast_head":"<!-- This site is optimized with the Yoast SEO plugin v23.6 - https:\/\/yoast.com\/wordpress\/plugins\/seo\/ -->\n<title>Referenci\u00e1k - CzG Tart\u00f3szerkezet<\/title>\n<meta name=\"description\" content=\"Az elm\u00falt 7 \u00e9v sor\u00e1n t\u00f6bb mint 200 projektben m\u0171k\u00f6dt\u00fcnk k\u00f6zre, melyekb\u0151l n\u00e9h\u00e1ny p\u00e9ld\u00e1t k\u00edv\u00e1ntunk bemutatni.\" \/>\n<meta name=\"robots\" content=\"index, follow, max-snippet:-1, max-image-preview:large, max-video-preview:-1\" \/>\n<link rel=\"canonical\" href=\"https:\/\/czgtartoszerkezet.hu\/en\/referenciak\/\" \/>\n<meta property=\"og:locale\" content=\"en_GB\" \/>\n<meta property=\"og:type\" content=\"article\" \/>\n<meta property=\"og:title\" content=\"Referenci\u00e1k - CzG Tart\u00f3szerkezet\" \/>\n<meta property=\"og:description\" content=\"Az elm\u00falt 7 \u00e9v sor\u00e1n t\u00f6bb mint 200 projektben m\u0171k\u00f6dt\u00fcnk k\u00f6zre, melyekb\u0151l n\u00e9h\u00e1ny p\u00e9ld\u00e1t k\u00edv\u00e1ntunk bemutatni.\" \/>\n<meta property=\"og:url\" content=\"https:\/\/czgtartoszerkezet.hu\/en\/referenciak\/\" \/>\n<meta property=\"og:site_name\" content=\"CzG Tart\u00f3szerkezet\" \/>\n<meta property=\"article:modified_time\" content=\"2023-12-27T22:36:25+00:00\" \/>\n<meta property=\"og:image\" content=\"https:\/\/czgtartoszerkezet.hu\/wp-content\/uploads\/2023\/12\/Balmadi_kocsag_06.jpg\" \/>\n\t<meta property=\"og:image:width\" content=\"1800\" \/>\n\t<meta property=\"og:image:height\" content=\"1139\" \/>\n\t<meta property=\"og:image:type\" content=\"image\/jpeg\" \/>\n<meta name=\"twitter:card\" content=\"summary_large_image\" \/>\n<meta name=\"twitter:image\" content=\"https:\/\/czgtartoszerkezet.hu\/wp-content\/uploads\/2023\/12\/Balmadi_kocsag_06.jpg\" \/>\n<meta name=\"twitter:label1\" content=\"Estimated reading time\" \/>\n\t<meta name=\"twitter:data1\" content=\"8 minutes\" \/>\n<script type=\"application\/ld+json\" class=\"yoast-schema-graph\">{\"@context\":\"https:\/\/schema.org\",\"@graph\":[{\"@type\":\"WebPage\",\"@id\":\"https:\/\/czgtartoszerkezet.hu\/referenciak\/\",\"url\":\"https:\/\/czgtartoszerkezet.hu\/referenciak\/\",\"name\":\"Referenci\u00e1k - CzG Tart\u00f3szerkezet\",\"isPartOf\":{\"@id\":\"https:\/\/czgtartoszerkezet.hu\/#website\"},\"datePublished\":\"2023-12-17T11:44:57+00:00\",\"dateModified\":\"2023-12-27T22:36:25+00:00\",\"description\":\"Az elm\u00falt 7 \u00e9v sor\u00e1n t\u00f6bb mint 200 projektben m\u0171k\u00f6dt\u00fcnk k\u00f6zre, melyekb\u0151l n\u00e9h\u00e1ny p\u00e9ld\u00e1t k\u00edv\u00e1ntunk bemutatni.\",\"breadcrumb\":{\"@id\":\"https:\/\/czgtartoszerkezet.hu\/referenciak\/#breadcrumb\"},\"inLanguage\":\"en-GB\",\"potentialAction\":[{\"@type\":\"ReadAction\",\"target\":[\"https:\/\/czgtartoszerkezet.hu\/referenciak\/\"]}]},{\"@type\":\"BreadcrumbList\",\"@id\":\"https:\/\/czgtartoszerkezet.hu\/referenciak\/#breadcrumb\",\"itemListElement\":[{\"@type\":\"ListItem\",\"position\":1,\"name\":\"Kezd\u0151lap\",\"item\":\"https:\/\/czgtartoszerkezet.hu\/\"},{\"@type\":\"ListItem\",\"position\":2,\"name\":\"Referenci\u00e1k\"}]},{\"@type\":\"WebSite\",\"@id\":\"https:\/\/czgtartoszerkezet.hu\/#website\",\"url\":\"https:\/\/czgtartoszerkezet.hu\/\",\"name\":\"CzG Tart\u00f3szerkezet\",\"description\":\"Tart\u00f3szerkezeti tervez\u00e9s, Tart\u00f3szerkezeti szak\u00e9rt\u00e9s, Tet\u0151terek be\u00e9p\u00edt\u00e9s\u00e9nek managementje \u00e9s tervez\u00e9se. Egy\u00e9b m\u00e9rn\u00f6ki szolg\u00e1ltat\u00e1sok\",\"publisher\":{\"@id\":\"https:\/\/czgtartoszerkezet.hu\/#organization\"},\"potentialAction\":[{\"@type\":\"SearchAction\",\"target\":{\"@type\":\"EntryPoint\",\"urlTemplate\":\"https:\/\/czgtartoszerkezet.hu\/?s={search_term_string}\"},\"query-input\":{\"@type\":\"PropertyValueSpecification\",\"valueRequired\":true,\"valueName\":\"search_term_string\"}}],\"inLanguage\":\"en-GB\"},{\"@type\":\"Organization\",\"@id\":\"https:\/\/czgtartoszerkezet.hu\/#organization\",\"name\":\"CzG Tart\u00f3szerkezet\",\"url\":\"https:\/\/czgtartoszerkezet.hu\/\",\"logo\":{\"@type\":\"ImageObject\",\"inLanguage\":\"en-GB\",\"@id\":\"https:\/\/czgtartoszerkezet.hu\/#\/schema\/logo\/image\/\",\"url\":\"https:\/\/czgtartoszerkezet.hu\/wp-content\/uploads\/2023\/12\/logo.png\",\"contentUrl\":\"https:\/\/czgtartoszerkezet.hu\/wp-content\/uploads\/2023\/12\/logo.png\",\"width\":1142,\"height\":338,\"caption\":\"CzG Tart\u00f3szerkezet\"},\"image\":{\"@id\":\"https:\/\/czgtartoszerkezet.hu\/#\/schema\/logo\/image\/\"}}]}<\/script>\n<!-- \/ Yoast SEO plugin. -->","yoast_head_json":{"title":"Referenci\u00e1k - CzG Tart\u00f3szerkezet","description":"Az elm\u00falt 7 \u00e9v sor\u00e1n t\u00f6bb mint 200 projektben m\u0171k\u00f6dt\u00fcnk k\u00f6zre, melyekb\u0151l n\u00e9h\u00e1ny p\u00e9ld\u00e1t k\u00edv\u00e1ntunk bemutatni.","robots":{"index":"index","follow":"follow","max-snippet":"max-snippet:-1","max-image-preview":"max-image-preview:large","max-video-preview":"max-video-preview:-1"},"canonical":"https:\/\/czgtartoszerkezet.hu\/en\/referenciak\/","og_locale":"en_GB","og_type":"article","og_title":"Referenci\u00e1k - CzG Tart\u00f3szerkezet","og_description":"Az elm\u00falt 7 \u00e9v sor\u00e1n t\u00f6bb mint 200 projektben m\u0171k\u00f6dt\u00fcnk k\u00f6zre, melyekb\u0151l n\u00e9h\u00e1ny p\u00e9ld\u00e1t k\u00edv\u00e1ntunk bemutatni.","og_url":"https:\/\/czgtartoszerkezet.hu\/en\/referenciak\/","og_site_name":"CzG Tart\u00f3szerkezet","article_modified_time":"2023-12-27T22:36:25+00:00","og_image":[{"width":1800,"height":1139,"url":"https:\/\/czgtartoszerkezet.hu\/wp-content\/uploads\/2023\/12\/Balmadi_kocsag_06.jpg","type":"image\/jpeg"}],"twitter_card":"summary_large_image","twitter_image":"https:\/\/czgtartoszerkezet.hu\/wp-content\/uploads\/2023\/12\/Balmadi_kocsag_06.jpg","twitter_misc":{"Estimated reading time":"8 minutes"},"schema":{"@context":"https:\/\/schema.org","@graph":[{"@type":"WebPage","@id":"https:\/\/czgtartoszerkezet.hu\/referenciak\/","url":"https:\/\/czgtartoszerkezet.hu\/referenciak\/","name":"Referenci\u00e1k - CzG Tart\u00f3szerkezet","isPartOf":{"@id":"https:\/\/czgtartoszerkezet.hu\/#website"},"datePublished":"2023-12-17T11:44:57+00:00","dateModified":"2023-12-27T22:36:25+00:00","description":"Az elm\u00falt 7 \u00e9v sor\u00e1n t\u00f6bb mint 200 projektben m\u0171k\u00f6dt\u00fcnk k\u00f6zre, melyekb\u0151l n\u00e9h\u00e1ny p\u00e9ld\u00e1t k\u00edv\u00e1ntunk bemutatni.","breadcrumb":{"@id":"https:\/\/czgtartoszerkezet.hu\/referenciak\/#breadcrumb"},"inLanguage":"en-GB","potentialAction":[{"@type":"ReadAction","target":["https:\/\/czgtartoszerkezet.hu\/referenciak\/"]}]},{"@type":"BreadcrumbList","@id":"https:\/\/czgtartoszerkezet.hu\/referenciak\/#breadcrumb","itemListElement":[{"@type":"ListItem","position":1,"name":"Kezd\u0151lap","item":"https:\/\/czgtartoszerkezet.hu\/"},{"@type":"ListItem","position":2,"name":"Referenci\u00e1k"}]},{"@type":"WebSite","@id":"https:\/\/czgtartoszerkezet.hu\/#website","url":"https:\/\/czgtartoszerkezet.hu\/","name":"CzG Tart\u00f3szerkezet","description":"Tart\u00f3szerkezeti tervez\u00e9s, Tart\u00f3szerkezeti szak\u00e9rt\u00e9s, Tet\u0151terek be\u00e9p\u00edt\u00e9s\u00e9nek managementje \u00e9s tervez\u00e9se. Egy\u00e9b m\u00e9rn\u00f6ki szolg\u00e1ltat\u00e1sok","publisher":{"@id":"https:\/\/czgtartoszerkezet.hu\/#organization"},"potentialAction":[{"@type":"SearchAction","target":{"@type":"EntryPoint","urlTemplate":"https:\/\/czgtartoszerkezet.hu\/?s={search_term_string}"},"query-input":{"@type":"PropertyValueSpecification","valueRequired":true,"valueName":"search_term_string"}}],"inLanguage":"en-GB"},{"@type":"Organization","@id":"https:\/\/czgtartoszerkezet.hu\/#organization","name":"CzG Tart\u00f3szerkezet","url":"https:\/\/czgtartoszerkezet.hu\/","logo":{"@type":"ImageObject","inLanguage":"en-GB","@id":"https:\/\/czgtartoszerkezet.hu\/#\/schema\/logo\/image\/","url":"https:\/\/czgtartoszerkezet.hu\/wp-content\/uploads\/2023\/12\/logo.png","contentUrl":"https:\/\/czgtartoszerkezet.hu\/wp-content\/uploads\/2023\/12\/logo.png","width":1142,"height":338,"caption":"CzG Tart\u00f3szerkezet"},"image":{"@id":"https:\/\/czgtartoszerkezet.hu\/#\/schema\/logo\/image\/"}}]}},"_links":{"self":[{"href":"https:\/\/czgtartoszerkezet.hu\/en\/wp-json\/wp\/v2\/pages\/348","targetHints":{"allow":["GET"]}}],"collection":[{"href":"https:\/\/czgtartoszerkezet.hu\/en\/wp-json\/wp\/v2\/pages"}],"about":[{"href":"https:\/\/czgtartoszerkezet.hu\/en\/wp-json\/wp\/v2\/types\/page"}],"author":[{"embeddable":true,"href":"https:\/\/czgtartoszerkezet.hu\/en\/wp-json\/wp\/v2\/users\/1"}],"replies":[{"embeddable":true,"href":"https:\/\/czgtartoszerkezet.hu\/en\/wp-json\/wp\/v2\/comments?post=348"}],"version-history":[{"count":23,"href":"https:\/\/czgtartoszerkezet.hu\/en\/wp-json\/wp\/v2\/pages\/348\/revisions"}],"predecessor-version":[{"id":575,"href":"https:\/\/czgtartoszerkezet.hu\/en\/wp-json\/wp\/v2\/pages\/348\/revisions\/575"}],"wp:attachment":[{"href":"https:\/\/czgtartoszerkezet.hu\/en\/wp-json\/wp\/v2\/media?parent=348"}],"curies":[{"name":"wp","href":"https:\/\/api.w.org\/{rel}","templated":true}]}}